{"id":344288,"date":"2022-04-15T15:58:48","date_gmt":"2022-04-15T14:58:48","guid":{"rendered":"https:\/\/uk-digital.de\/?page_id=344288"},"modified":"2022-05-16T15:26:07","modified_gmt":"2022-05-16T14:26:07","slug":"larissa-david-mit-finn","status":"publish","type":"page","link":"https:\/\/uk-digital.de\/?page_id=344288","title":{"rendered":"Larissa &#038; David mit Finn"},"content":{"rendered":"","protected":true},"excerpt":{"rendered":"","protected":true},"author":1,"featured_media":0,"parent":48549,"menu_order":0,"comment_status":"closed","ping_status":"closed","template":"","meta":{"footnotes":""},"class_list":["post-344288","page","type-page","status-publish","post-password-required","hentry"],"jetpack_shortlink":"https:\/\/wp.me\/P4uvbc-1rz2","jetpack_sharing_enabled":true,"jetpack_likes_enabled":true,"jetpack-related-posts":[{"id":344594,"url":"https:\/\/uk-digital.de\/?page_id=344594","url_meta":{"origin":344288,"position":0},"title":"Hochzeit Larissa &#038; David Best of color","author":"Udo","date":"16 Mai \u201922","format":false,"excerpt":"","rel":"","context":"\u00c4hnlicher Beitrag","block_context":{"text":"\u00c4hnlicher Beitrag","link":""},"img":{"alt_text":"","src":"https:\/\/i0.wp.com\/uk-digital.de\/wp-content\/uploads\/2022\/05\/20220514-160014-UK6_1112-1.jpg?fit=798%2C1200&ssl=1&resize=350%2C200","width":350,"height":200,"srcset":"https:\/\/i0.wp.com\/uk-digital.de\/wp-content\/uploads\/2022\/05\/20220514-160014-UK6_1112-1.jpg?fit=798%2C1200&ssl=1&resize=350%2C200 1x, https:\/\/i0.wp.com\/uk-digital.de\/wp-content\/uploads\/2022\/05\/20220514-160014-UK6_1112-1.jpg?fit=798%2C1200&ssl=1&resize=525%2C300 1.5x, https:\/\/i0.wp.com\/uk-digital.de\/wp-content\/uploads\/2022\/05\/20220514-160014-UK6_1112-1.jpg?fit=798%2C1200&ssl=1&resize=700%2C400 2x"},"classes":[]},{"id":344663,"url":"https:\/\/uk-digital.de\/?page_id=344663","url_meta":{"origin":344288,"position":1},"title":"Hochzeit Larissa &#038; David Best of no color","author":"Udo","date":"16 Mai \u201922","format":false,"excerpt":"Bilder","rel":"","context":"\u00c4hnlicher Beitrag","block_context":{"text":"\u00c4hnlicher Beitrag","link":""},"img":{"alt_text":"","src":"","width":0,"height":0},"classes":[]},{"id":85,"url":"https:\/\/uk-digital.de\/?page_id=85","url_meta":{"origin":344288,"position":2},"title":"Lust auf Fotos","author":"Udo","date":"25 Nov. \u201912","format":false,"excerpt":"Egal ob Portr\u00e4tfotos f\u00fcr eine Webseite, die Hochzeit, die Verlobung, das erste L\u00e4cheln des Babys, Geburtstage, Firmenparty \u2013 besondere Momente verdienen entsprechend in Bilder festgehalten zu werden. Ich fange mit meinen Fotos die sch\u00f6nsten und unwiederbringlichen Zeitpunkte und nat\u00fcrlich Eure Emotionen f\u00fcr Euch ein. Modern. Klassisch. Kreativ. Gerne an ungew\u00f6hnlichen\u2026","rel":"","context":"\u00c4hnlicher Beitrag","block_context":{"text":"\u00c4hnlicher Beitrag","link":""},"img":{"alt_text":"","src":"","width":0,"height":0},"classes":[]},{"id":76,"url":"https:\/\/uk-digital.de\/?page_id=76","url_meta":{"origin":344288,"position":3},"title":"Vita","author":"Udo","date":"25 Nov. \u201912","format":false,"excerpt":"geboren 1960 in M\u00f6nchengladbach und lebe dort seit dieser Zeit arbeite in D\u00fcsseldorf seit 1977 besch\u00e4ftige ich mich privat mit den Thema Fotografie (analog) und auch der Entwicklung von Filmen und Vergr\u00f6\u00dferung im eigenen S\/W-Labor 1982-83 Pressefotograf bei der Bundeswehr Anfang der 90er Jahre in die digitale Fotografie eingestiegen 2000\u2026","rel":"","context":"\u00c4hnlicher Beitrag","block_context":{"text":"\u00c4hnlicher Beitrag","link":""},"img":{"alt_text":"me","src":"https:\/\/i0.wp.com\/uk-digital.de\/wp-content\/uploads\/2013\/03\/20130316-133633-_UK73349.jpg?resize=350%2C200","width":350,"height":200,"srcset":"https:\/\/i0.wp.com\/uk-digital.de\/wp-content\/uploads\/2013\/03\/20130316-133633-_UK73349.jpg?resize=350%2C200 1x, https:\/\/i0.wp.com\/uk-digital.de\/wp-content\/uploads\/2013\/03\/20130316-133633-_UK73349.jpg?resize=525%2C300 1.5x"},"classes":[]},{"id":1166,"url":"https:\/\/uk-digital.de\/?page_id=1166","url_meta":{"origin":344288,"position":4},"title":"Lust auf Musik","author":"Udo","date":"15 Apr. \u201913","format":false,"excerpt":"Fotografin Heike Herbertz Getreu dem Motto: \"Musik machen kann jeder, wir leisten mehr!\" darf ich meine Dienstleistungen seit Jahren bei verschiedensten Veranstaltungen, gemeinsam mit meinen langj\u00e4hrigen Partnern www.demo-mg.de, beisteuern, um aus diesen Festen ein unvergessliches Event zu gestalten. Seit 1992 bin ich als DJ und Moderator sowie Eventmanager t\u00e4tig. Aus\u2026","rel":"","context":"\u00c4hnlicher Beitrag","block_context":{"text":"\u00c4hnlicher Beitrag","link":""},"img":{"alt_text":"","src":"https:\/\/i0.wp.com\/uk-digital.de\/wp-content\/uploads\/2013\/05\/UdoJubeln.jpg?fit=1074%2C1200&ssl=1&resize=350%2C200","width":350,"height":200,"srcset":"https:\/\/i0.wp.com\/uk-digital.de\/wp-content\/uploads\/2013\/05\/UdoJubeln.jpg?fit=1074%2C1200&ssl=1&resize=350%2C200 1x, https:\/\/i0.wp.com\/uk-digital.de\/wp-content\/uploads\/2013\/05\/UdoJubeln.jpg?fit=1074%2C1200&ssl=1&resize=525%2C300 1.5x, https:\/\/i0.wp.com\/uk-digital.de\/wp-content\/uploads\/2013\/05\/UdoJubeln.jpg?fit=1074%2C1200&ssl=1&resize=700%2C400 2x, https:\/\/i0.wp.com\/uk-digital.de\/wp-content\/uploads\/2013\/05\/UdoJubeln.jpg?fit=1074%2C1200&ssl=1&resize=1050%2C600 3x"},"classes":[]},{"id":55581,"url":"https:\/\/uk-digital.de\/?page_id=55581","url_meta":{"origin":344288,"position":5},"title":"Datenschutz","author":"Udo","date":"23 Mai \u201918","format":false,"excerpt":"Datenschutzerkl\u00e4rung \u00a0 Diese Datenschutzerkl\u00e4rung kl\u00e4rt Sie \u00fcber die Art, den Umfang und Zweck der Verarbeitung von personenbezogenen Daten (nachfolgend kurz \u201eDaten\u201c) innerhalb unseres Onlineangebotes und der mit ihm verbundenen Webseiten, Funktionen und Inhalte sowie externen Onlinepr\u00e4senzen, wie z.B. unser Social Media Profile auf (nachfolgend gemeinsam bezeichnet als \u201eOnlineangebot\u201c). Im Hinblick\u2026","rel":"","context":"\u00c4hnlicher Beitrag","block_context":{"text":"\u00c4hnlicher Beitrag","link":""},"img":{"alt_text":"","src":"","width":0,"height":0},"classes":[]}],"_links":{"self":[{"href":"https:\/\/uk-digital.de\/index.php?rest_route=\/wp\/v2\/pages\/344288","targetHints":{"allow":["GET"]}}],"collection":[{"href":"https:\/\/uk-digital.de\/index.php?rest_route=\/wp\/v2\/pages"}],"about":[{"href":"https:\/\/uk-digital.de\/index.php?rest_route=\/wp\/v2\/types\/page"}],"author":[{"embeddable":true,"href":"https:\/\/uk-digital.de\/index.php?rest_route=\/wp\/v2\/users\/1"}],"replies":[{"embeddable":true,"href":"https:\/\/uk-digital.de\/index.php?rest_route=%2Fwp%2Fv2%2Fcomments&post=344288"}],"version-history":[{"count":3,"href":"https:\/\/uk-digital.de\/index.php?rest_route=\/wp\/v2\/pages\/344288\/revisions"}],"predecessor-version":[{"id":344504,"href":"https:\/\/uk-digital.de\/index.php?rest_route=\/wp\/v2\/pages\/344288\/revisions\/344504"}],"up":[{"embeddable":true,"href":"https:\/\/uk-digital.de\/index.php?rest_route=\/wp\/v2\/pages\/48549"}],"wp:attachment":[{"href":"https:\/\/uk-digital.de\/index.php?rest_route=%2Fwp%2Fv2%2Fmedia&parent=344288"}],"curies":[{"name":"wp","href":"https:\/\/api.w.org\/{rel}","templated":true}]}}