{"id":22970,"date":"2014-04-20T22:20:51","date_gmt":"2014-04-20T20:20:51","guid":{"rendered":"http:\/\/uk-digital.de\/?page_id=22970"},"modified":"2015-12-27T15:17:00","modified_gmt":"2015-12-27T13:17:00","slug":"14-04-ostern","status":"publish","type":"page","link":"https:\/\/uk-digital.de\/?page_id=22970","title":{"rendered":"14-04 Ostern"},"content":{"rendered":"","protected":true},"excerpt":{"rendered":"","protected":true},"author":1,"featured_media":0,"parent":48549,"menu_order":0,"comment_status":"closed","ping_status":"closed","template":"","meta":{"footnotes":""},"class_list":["post-22970","page","type-page","status-publish","post-password-required","hentry"],"jetpack_shortlink":"https:\/\/wp.me\/P4uvbc-5Yu","jetpack_sharing_enabled":true,"jetpack_likes_enabled":true,"jetpack-related-posts":[{"id":85,"url":"https:\/\/uk-digital.de\/?page_id=85","url_meta":{"origin":22970,"position":0},"title":"Lust auf Fotos","author":"Udo","date":"25 Nov. \u201912","format":false,"excerpt":"Egal ob Portr\u00e4tfotos f\u00fcr eine Webseite, die Hochzeit, die Verlobung, das erste L\u00e4cheln des Babys, Geburtstage, Firmenparty \u2013 besondere Momente verdienen entsprechend in Bilder festgehalten zu werden. Ich fange mit meinen Fotos die sch\u00f6nsten und unwiederbringlichen Zeitpunkte und nat\u00fcrlich Eure Emotionen f\u00fcr Euch ein. Modern. Klassisch. Kreativ. Gerne an ungew\u00f6hnlichen\u2026","rel":"","context":"\u00c4hnlicher Beitrag","block_context":{"text":"\u00c4hnlicher Beitrag","link":""},"img":{"alt_text":"","src":"","width":0,"height":0},"classes":[]},{"id":55581,"url":"https:\/\/uk-digital.de\/?page_id=55581","url_meta":{"origin":22970,"position":1},"title":"Datenschutz","author":"Udo","date":"23 Mai \u201918","format":false,"excerpt":"Datenschutzerkl\u00e4rung \u00a0 Diese Datenschutzerkl\u00e4rung kl\u00e4rt Sie \u00fcber die Art, den Umfang und Zweck der Verarbeitung von personenbezogenen Daten (nachfolgend kurz \u201eDaten\u201c) innerhalb unseres Onlineangebotes und der mit ihm verbundenen Webseiten, Funktionen und Inhalte sowie externen Onlinepr\u00e4senzen, wie z.B. unser Social Media Profile auf (nachfolgend gemeinsam bezeichnet als \u201eOnlineangebot\u201c). Im Hinblick\u2026","rel":"","context":"\u00c4hnlicher Beitrag","block_context":{"text":"\u00c4hnlicher Beitrag","link":""},"img":{"alt_text":"","src":"","width":0,"height":0},"classes":[]},{"id":49065,"url":"https:\/\/uk-digital.de\/?page_id=49065","url_meta":{"origin":22970,"position":2},"title":"Hochzeit Jennifer &#038; Florian","author":"Udo","date":"28 Apr. \u201916","format":false,"excerpt":"Hier ein paar Bilder aus \u00fcber 2600 Bildern des Tages...","rel":"","context":"\u00c4hnlicher Beitrag","block_context":{"text":"\u00c4hnlicher Beitrag","link":""},"img":{"alt_text":"","src":"https:\/\/i0.wp.com\/uk-digital.de\/wp-content\/uploads\/2016\/04\/20160422-175144_UK69972.jpg?resize=350%2C200","width":350,"height":200},"classes":[]},{"id":76,"url":"https:\/\/uk-digital.de\/?page_id=76","url_meta":{"origin":22970,"position":3},"title":"Vita","author":"Udo","date":"25 Nov. \u201912","format":false,"excerpt":"geboren 1960 in M\u00f6nchengladbach und lebe dort seit dieser Zeit arbeite in D\u00fcsseldorf seit 1977 besch\u00e4ftige ich mich privat mit den Thema Fotografie (analog) und auch der Entwicklung von Filmen und Vergr\u00f6\u00dferung im eigenen S\/W-Labor 1982-83 Pressefotograf bei der Bundeswehr Anfang der 90er Jahre in die digitale Fotografie eingestiegen 2000\u2026","rel":"","context":"\u00c4hnlicher Beitrag","block_context":{"text":"\u00c4hnlicher Beitrag","link":""},"img":{"alt_text":"me","src":"https:\/\/i0.wp.com\/uk-digital.de\/wp-content\/uploads\/2013\/03\/20130316-133633-_UK73349.jpg?resize=350%2C200","width":350,"height":200,"srcset":"https:\/\/i0.wp.com\/uk-digital.de\/wp-content\/uploads\/2013\/03\/20130316-133633-_UK73349.jpg?resize=350%2C200 1x, https:\/\/i0.wp.com\/uk-digital.de\/wp-content\/uploads\/2013\/03\/20130316-133633-_UK73349.jpg?resize=525%2C300 1.5x"},"classes":[]},{"id":59,"url":"https:\/\/uk-digital.de\/?page_id=59","url_meta":{"origin":22970,"position":4},"title":"Impressum","author":"Udo","date":"25 Nov. \u201912","format":false,"excerpt":"Impressum Angaben gem\u00e4\u00df \u00a7 5 TMG: Udo Kempers Neuhofstr. 14 41061 M\u00f6nchengladbach Telefon: +49 (0) 152 56823876 E-Mail: udo at kempers.uk Kleinunternehmer nach \u00a7 19 USTG. Finanzamt M\u00f6nchengladbach Steuer-Identifikationsnummer: 121\/5196\/5329 Haftung f\u00fcr Inhalte Die Inhalte meiner Seiten wurden mit gr\u00f6\u00dfter Sorgfalt erstellt. F\u00fcr die Richtigkeit, Vollst\u00e4ndigkeit und Aktualit\u00e4t der Inhalte\u2026","rel":"","context":"\u00c4hnlicher Beitrag","block_context":{"text":"\u00c4hnlicher Beitrag","link":""},"img":{"alt_text":"","src":"","width":0,"height":0},"classes":[]},{"id":2,"url":"https:\/\/uk-digital.de\/?page_id=2","url_meta":{"origin":22970,"position":5},"title":"Info","author":"Udo","date":"18 Nov. \u201912","format":false,"excerpt":"Neben meiner T\u00e4tigkeit als DJ und Moderator sowie Eventmanager, weitere Informationen unter www.demo-mg.de, habe ich wieder zu einer alten Leidenschaft gefunden. Seit Ende 2011 hat es mich wieder gepackt. Ich versuche die digitale Fotografie intensiver zu betreiben, wo es meine Zeit zul\u00e4sst. Mein Schwerpunkt bildet die Eventdokumentation. Menschen und Ereignisse\u2026","rel":"","context":"\u00c4hnlicher Beitrag","block_context":{"text":"\u00c4hnlicher Beitrag","link":""},"img":{"alt_text":"","src":"","width":0,"height":0},"classes":[]}],"_links":{"self":[{"href":"https:\/\/uk-digital.de\/index.php?rest_route=\/wp\/v2\/pages\/22970","targetHints":{"allow":["GET"]}}],"collection":[{"href":"https:\/\/uk-digital.de\/index.php?rest_route=\/wp\/v2\/pages"}],"about":[{"href":"https:\/\/uk-digital.de\/index.php?rest_route=\/wp\/v2\/types\/page"}],"author":[{"embeddable":true,"href":"https:\/\/uk-digital.de\/index.php?rest_route=\/wp\/v2\/users\/1"}],"replies":[{"embeddable":true,"href":"https:\/\/uk-digital.de\/index.php?rest_route=%2Fwp%2Fv2%2Fcomments&post=22970"}],"version-history":[{"count":1,"href":"https:\/\/uk-digital.de\/index.php?rest_route=\/wp\/v2\/pages\/22970\/revisions"}],"predecessor-version":[{"id":22971,"href":"https:\/\/uk-digital.de\/index.php?rest_route=\/wp\/v2\/pages\/22970\/revisions\/22971"}],"up":[{"embeddable":true,"href":"https:\/\/uk-digital.de\/index.php?rest_route=\/wp\/v2\/pages\/48549"}],"wp:attachment":[{"href":"https:\/\/uk-digital.de\/index.php?rest_route=%2Fwp%2Fv2%2Fmedia&parent=22970"}],"curies":[{"name":"wp","href":"https:\/\/api.w.org\/{rel}","templated":true}]}}